{"id":492,"date":"2024-04-05T18:03:18","date_gmt":"2024-04-05T18:03:18","guid":{"rendered":"https:\/\/remind-erasmus.eu\/?page_id=492"},"modified":"2025-11-10T15:56:42","modified_gmt":"2025-11-10T15:56:42","slug":"remind-results","status":"publish","type":"page","link":"https:\/\/remind-erasmus.eu\/pl\/remind-results\/","title":{"rendered":"Przypomnij wyniki"},"content":{"rendered":"<div data-elementor-type=\"wp-page\" data-elementor-id=\"492\" class=\"elementor elementor-492\">\n\t\t\t\t<div class=\"has_eae_slider elementor-element elementor-element-fe267f3 e-flex e-con-boxed e-con e-parent\" data-eae-slider=\"6208\" data-id=\"fe267f3\" data-element_type=\"container\" data-e-type=\"container\">\n\t\t\t\t\t<div class=\"e-con-inner\">\n\t\t\t\t<div class=\"elementor-element elementor-element-831c719 elementor-widget elementor-widget-spacer\" data-id=\"831c719\" data-element_type=\"widget\" data-e-type=\"widget\" data-widget_type=\"spacer.default\">\n\t\t\t\t<div class=\"elementor-widget-container\">\n\t\t\t\t\t\t\t<div class=\"elementor-spacer\">\n\t\t\t<div class=\"elementor-spacer-inner\"><\/div>\n\t\t<\/div>\n\t\t\t\t\t\t<\/div>\n\t\t\t\t<\/div>\n\t\t\t\t<div class=\"elementor-element elementor-element-cc496aa elementor-invisible elementor-widget elementor-widget-heading\" data-id=\"cc496aa\" data-element_type=\"widget\" data-e-type=\"widget\" data-settings=\"{&quot;_animation&quot;:&quot;fadeInDown&quot;}\" data-widget_type=\"heading.default\">\n\t\t\t\t<div class=\"elementor-widget-container\">\n\t\t\t\t\t<h2 class=\"elementor-heading-title elementor-size-default\">Przypomnij wyniki<\/h2>\t\t\t\t<\/div>\n\t\t\t\t<\/div>\n\t\t\t\t\t<\/div>\n\t\t\t\t<\/div>\n\t\t<div class=\"has_eae_slider elementor-element elementor-element-e239f0e e-grid e-con-boxed e-con e-parent\" data-eae-slider=\"90052\" data-id=\"e239f0e\" data-element_type=\"container\" data-e-type=\"container\">\n\t\t\t\t\t<div class=\"e-con-inner\">\n\t\t\t\t<div class=\"elementor-element elementor-element-6455af8 elementor-widget elementor-widget-image\" data-id=\"6455af8\" data-element_type=\"widget\" data-e-type=\"widget\" data-widget_type=\"image.default\">\n\t\t\t\t<div class=\"elementor-widget-container\">\n\t\t\t\t\t\t\t\t\t\t\t\t\t\t\t<img fetchpriority=\"high\" decoding=\"async\" width=\"750\" height=\"500\" src=\"https:\/\/remind-erasmus.eu\/wp-content\/uploads\/2024\/04\/1-2.png\" class=\"attachment-large size-large wp-image-634\" alt=\"\" srcset=\"https:\/\/remind-erasmus.eu\/wp-content\/uploads\/2024\/04\/1-2.png 750w, https:\/\/remind-erasmus.eu\/wp-content\/uploads\/2024\/04\/1-2-300x200.png 300w, https:\/\/remind-erasmus.eu\/wp-content\/uploads\/2024\/04\/1-2-360x240.png 360w\" sizes=\"(max-width: 750px) 100vw, 750px\" \/>\t\t\t\t\t\t\t\t\t\t\t\t\t\t\t<\/div>\n\t\t\t\t<\/div>\n\t\t\t\t<div class=\"elementor-element elementor-element-fda9250 elementor-widget elementor-widget-image\" data-id=\"fda9250\" data-element_type=\"widget\" data-e-type=\"widget\" data-widget_type=\"image.default\">\n\t\t\t\t<div class=\"elementor-widget-container\">\n\t\t\t\t\t\t\t\t\t\t\t\t\t\t\t<img decoding=\"async\" width=\"750\" height=\"500\" src=\"https:\/\/remind-erasmus.eu\/wp-content\/uploads\/2024\/04\/2-2.png\" class=\"attachment-large size-large wp-image-635\" alt=\"\" srcset=\"https:\/\/remind-erasmus.eu\/wp-content\/uploads\/2024\/04\/2-2.png 750w, https:\/\/remind-erasmus.eu\/wp-content\/uploads\/2024\/04\/2-2-300x200.png 300w, https:\/\/remind-erasmus.eu\/wp-content\/uploads\/2024\/04\/2-2-360x240.png 360w\" sizes=\"(max-width: 750px) 100vw, 750px\" \/>\t\t\t\t\t\t\t\t\t\t\t\t\t\t\t<\/div>\n\t\t\t\t<\/div>\n\t\t\t\t<div class=\"elementor-element elementor-element-ef4c3a9 elementor-widget elementor-widget-image\" data-id=\"ef4c3a9\" data-element_type=\"widget\" data-e-type=\"widget\" data-widget_type=\"image.default\">\n\t\t\t\t<div class=\"elementor-widget-container\">\n\t\t\t\t\t\t\t\t\t\t\t\t\t\t\t<img decoding=\"async\" width=\"750\" height=\"500\" src=\"https:\/\/remind-erasmus.eu\/wp-content\/uploads\/2024\/04\/3-2.png\" class=\"attachment-large size-large wp-image-636\" alt=\"\" srcset=\"https:\/\/remind-erasmus.eu\/wp-content\/uploads\/2024\/04\/3-2.png 750w, https:\/\/remind-erasmus.eu\/wp-content\/uploads\/2024\/04\/3-2-300x200.png 300w, https:\/\/remind-erasmus.eu\/wp-content\/uploads\/2024\/04\/3-2-360x240.png 360w\" sizes=\"(max-width: 750px) 100vw, 750px\" \/>\t\t\t\t\t\t\t\t\t\t\t\t\t\t\t<\/div>\n\t\t\t\t<\/div>\n\t\t\t\t\t<\/div>\n\t\t\t\t<\/div>\n\t\t<div class=\"has_eae_slider elementor-element elementor-element-ad0dc65 e-flex e-con-boxed e-con e-parent\" data-eae-slider=\"10001\" data-id=\"ad0dc65\" data-element_type=\"container\" data-e-type=\"container\">\n\t\t\t\t\t<div class=\"e-con-inner\">\n\t\t\t\t<div class=\"elementor-element elementor-element-fca38c6 elementor-widget elementor-widget-spacer\" data-id=\"fca38c6\" data-element_type=\"widget\" data-e-type=\"widget\" data-widget_type=\"spacer.default\">\n\t\t\t\t<div class=\"elementor-widget-container\">\n\t\t\t\t\t\t\t<div class=\"elementor-spacer\">\n\t\t\t<div class=\"elementor-spacer-inner\"><\/div>\n\t\t<\/div>\n\t\t\t\t\t\t<\/div>\n\t\t\t\t<\/div>\n\t\t\t\t<div class=\"elementor-element elementor-element-769c83d elementor-invisible elementor-widget elementor-widget-text-editor\" data-id=\"769c83d\" data-element_type=\"widget\" data-e-type=\"widget\" data-settings=\"{&quot;_animation&quot;:&quot;bounceInDown&quot;}\" data-widget_type=\"text-editor.default\">\n\t\t\t\t<div class=\"elementor-widget-container\">\n\t\t\t\t\t\t\t\t\t<p><span><div class=\"tmm tmm_506\"><div class=\"tmm_3_columns tmm_wrap tmm_plugin_f\"><span class=\"tmm_two_containers_tablet\"><\/span><div class=\"tmm_container\"><div class=\"tmm_member\" style=\"border-top:#8bd655 solid 5px;\"><div class=\"tmm_photo tmm_pic_506_0\" style=\"background: url(https:\/\/remind-erasmus.eu\/wp-content\/uploads\/2024\/04\/5r.png); margin-left: auto; margin-right:auto; background-size:cover !important;\"><\/div><div class=\"tmm_textblock\"><div class=\"tmm_names\"><span class=\"tmm_fname\">Wynik 1<\/span> <\/div><div class=\"tmm_desc\" style=\"text-align:\"><p style=\"text-align: center\">\u201cSkills to exploit TSG Research Report\u201d zawiera wyniki bada\u0144 terenowych poprzez przes\u0142anie ankiety do grupy docelowej (wolontariuszy stowarzysze\u0144 lub organizacji sportowych i spo\u0142eczno-kulturalnych) i stanowi dog\u0142\u0119bn\u0105 analiz\u0119 i por\u00f3wnanie na poziomie europejskim stanu wiedzy na temat potrzeb edukacyjnych i umiej\u0119tno\u015bci, kt\u00f3re powinni posiada\u0107 uczestnicy na poziomie europejskim.<\/p><p style=\"text-align: center\"><strong><a href=\"https:\/\/remind-erasmus.eu\/wp-content\/uploads\/2025\/04\/REMIND-report-ENG-2.1-1.pdf\" target=\"_blank\" rel=\"noopener\">ENG<\/a> <a href=\"https:\/\/remind-erasmus.eu\/wp-content\/uploads\/2025\/11\/REMIND-report-ITA-2.1.pdf\" target=\"_blank\" rel=\"noopener\">ITA <\/a><a href=\"https:\/\/remind-erasmus.eu\/wp-content\/uploads\/2025\/11\/REMIND-report-ENG-2.1.en_.es_.docx.pdf\" target=\"_blank\" rel=\"noopener\">ESP <\/a><a href=\"https:\/\/remind-erasmus.eu\/wp-content\/uploads\/2025\/11\/V2-REMIND-report-2.1_PL_v1.pdf\" target=\"_blank\" rel=\"noopener\">PL<\/a> <a href=\"https:\/\/remind-erasmus.eu\/wp-content\/uploads\/2025\/11\/REMIND-Report-ENG-2.1-Turkish.docx.pdf\" target=\"_blank\" rel=\"noopener\">TR <\/a><a href=\"https:\/\/remind-erasmus.eu\/wp-content\/uploads\/2025\/11\/REMIND-report-NL-2.1.docx.pdf\" target=\"_blank\" rel=\"noopener\">NL<\/a> <a href=\"https:\/\/remind-erasmus.eu\/wp-content\/uploads\/2025\/11\/v2-REMIND-report-FR-2.1.docx.pdf\" target=\"_blank\" rel=\"noopener\">FR<\/a><\/strong><\/p><\/div><div class=\"tmm_scblock\"><\/div><\/div><\/div><div class=\"tmm_member\" style=\"border-top:#8bd655 solid 5px;\"><div class=\"tmm_photo tmm_pic_506_1\" style=\"background: url(https:\/\/remind-erasmus.eu\/wp-content\/uploads\/2024\/04\/4r.png); margin-left: auto; margin-right:auto; background-size:cover !important;\"><\/div><div class=\"tmm_textblock\"><div class=\"tmm_names\"><span class=\"tmm_fname\">Wynik 2<\/span> <\/div><div class=\"tmm_desc\" style=\"text-align:\"><p><span class=\"OYPEnA text-decoration-none text-strikethrough-none\">Raport dotycz\u0105cy spisu tradycyjnych sport\u00f3w i gier jest podzielony na <\/span><span class=\"OYPEnA text-decoration-none text-strikethrough-none\">w dw\u00f3ch r\u00f3\u017cnych sekcjach. Pierwsza sekcja zawiera wytyczne dotycz\u0105ce <\/span><span class=\"OYPEnA text-decoration-none text-strikethrough-none\">w celu transkrypcji i kodyfikacji tradycyjnych sport\u00f3w i gier. The <\/span><span class=\"OYPEnA text-decoration-none text-strikethrough-none\">Druga sekcja jest wydawana na podstawie raport\u00f3w krajowych zawieraj\u0105cych <\/span><span class=\"OYPEnA text-decoration-none text-strikethrough-none\">transkrypcja nie\u015bledzonych tradycyjnych sport\u00f3w i gier. The <\/span><span class=\"OYPEnA text-decoration-none text-strikethrough-none\">Raport i transkrypcja TSG s\u0105 dost\u0119pne na stronie projektu <\/span><span class=\"OYPEnA text-decoration-none text-strikethrough-none\">strona internetowa.<\/span><\/p><p style=\"text-align: center\"><strong><a style=\"color: #89229b;opacity: 0.75\" href=\"https:\/\/remind-erasmus.eu\/wp-content\/uploads\/2025\/04\/V2-REMIND-report-2.2_EN_final.pdf\" target=\"_blank\" rel=\"noopener\">ENG<\/a>\u00a0<\/strong><strong><a href=\"https:\/\/remind-erasmus.eu\/wp-content\/uploads\/2025\/04\/D2.2-REMIND-ITA.pdf\" target=\"_blank\" rel=\"noopener\">ITA<\/a> <a href=\"https:\/\/remind-erasmus.eu\/wp-content\/uploads\/2025\/11\/V2-REMIND-report-2.2_EN_v3_es.pdf\" target=\"_blank\" rel=\"noopener\">ESP<\/a> PL <a href=\"https:\/\/remind-erasmus.eu\/wp-content\/uploads\/2025\/11\/V2-REMIND-Report-2.2-v3-TURKISH-.docx.pdf\" target=\"_blank\" rel=\"noopener\">TR<\/a> NL <a href=\"https:\/\/remind-erasmus.eu\/wp-content\/uploads\/2025\/11\/V3-REMIND-report-FR-2.2-FR-MOD.docx.pdf\" target=\"_blank\" rel=\"noopener\">FR<\/a><\/strong><\/p><\/div><div class=\"tmm_scblock\"><\/div><\/div><\/div><span class=\"tmm_two_containers_tablet\"><\/span><div class=\"tmm_member\" style=\"border-top:#8bd655 solid 5px;\"><div class=\"tmm_photo tmm_pic_506_2\" style=\"background: url(https:\/\/remind-erasmus.eu\/wp-content\/uploads\/2024\/04\/3r.png); margin-left: auto; margin-right:auto; background-size:cover !important;\"><\/div><div class=\"tmm_textblock\"><div class=\"tmm_names\"><span class=\"tmm_fname\">Wynik 3<\/span> <\/div><div class=\"tmm_desc\" style=\"text-align:\"><p><span class=\"OYPEnA text-decoration-none text-strikethrough-none\">Format treningowy jest bezpo\u015brednio skierowany do sportu masowego <\/span><span class=\"OYPEnA text-decoration-none text-strikethrough-none\">organizacje i stowarzyszenia spo\u0142eczno-kulturalne. To trwa <\/span><span class=\"OYPEnA text-decoration-none text-strikethrough-none\">forma programu mieszanego, sk\u0142adaj\u0105cego si\u0119 z r\u00f3\u017cnych sekcji <\/span><span class=\"OYPEnA text-decoration-none text-strikethrough-none\">maj\u0105ce na celu rozwijanie ich kompetencji w zakresie wykorzystywania TSG jako narz\u0119dzia do <\/span><span class=\"OYPEnA text-decoration-none text-strikethrough-none\">promowanie aktywno\u015bci fizycznej w\u015br\u00f3d r\u00f3\u017cnych grup docelowych, aby <\/span><span class=\"OYPEnA text-decoration-none text-strikethrough-none\">wspiera\u0107 rozw\u00f3j spo\u0142eczno-gospodarczy swoich region\u00f3w. Jest to <\/span><span class=\"OYPEnA text-decoration-none text-strikethrough-none\">sk\u0142ada si\u0119 z sekcji wprowadzaj\u0105cej w formie kr\u00f3tkiego filmu wideo, <\/span><span class=\"OYPEnA text-decoration-none text-strikethrough-none\">gromadzenie najlepszych praktyk oraz zdigitalizowan\u0105 zawarto\u015b\u0107 zawieraj\u0105c\u0105 <\/span><span class=\"OYPEnA text-decoration-none text-strikethrough-none\">cyfryzacja dzia\u0142a\u0144 szkoleniowych.<\/span><\/p><p style=\"text-align: center\"><a href=\"https:\/\/remind-erasmus.eu\/wp-content\/uploads\/2025\/11\/D3.1-REMIND-traning-format-with-attachments.pdf\" target=\"_blank\" rel=\"noopener\"><strong>ENG<\/strong><\/a><\/p><\/div><div class=\"tmm_scblock\"><\/div><\/div><\/div><\/div><span class=\"tmm_columns_containers_desktop\"><\/span><div class=\"tmm_container\"><div class=\"tmm_member\" style=\"border-top:#8bd655 solid 5px;\"><div class=\"tmm_photo tmm_pic_506_3\" style=\"background: url(https:\/\/remind-erasmus.eu\/wp-content\/uploads\/2024\/04\/2r.png); margin-left: auto; margin-right:auto; background-size:cover !important;\"><\/div><div class=\"tmm_textblock\"><div class=\"tmm_names\"><span class=\"tmm_fname\">Wynik 4<\/span> <\/div><div class=\"tmm_desc\" style=\"text-align:\"><p><span class=\"OYPEnA text-decoration-none text-strikethrough-none\">Zawiera innowacyjne materia\u0142y edukacyjne skupiaj\u0105ce si\u0119 na kulturowej, ekonomicznej i spo\u0142ecznej warto\u015bci tradycyjnych gier. Aplikacja zosta\u0142a zaprojektowana tak, aby by\u0142a przyjazna dla u\u017cytkownika i pozytywnie wp\u0142ywa\u0142a na jego do\u015bwiadczenia.<\/span><\/p><p style=\"text-align: center\"><a href=\"https:\/\/project-spaces.eu\/remind\/\" target=\"_blank\" rel=\"noopener\"><strong>Przypomnij aplikacj\u0119<\/strong><\/a><\/p><\/div><div class=\"tmm_scblock\"><\/div><\/div><\/div><span class=\"tmm_two_containers_tablet\"><\/span><div class=\"tmm_member\" style=\"border-top:#8bd655 solid 5px;\"><div class=\"tmm_photo tmm_pic_506_4\" style=\"background: url(https:\/\/remind-erasmus.eu\/wp-content\/uploads\/2024\/04\/1r.png); margin-left: auto; margin-right:auto; background-size:cover !important;\"><\/div><div class=\"tmm_textblock\"><div class=\"tmm_names\"><span class=\"tmm_fname\">Wynik 5<\/span> <\/div><div class=\"tmm_desc\" style=\"text-align:\"><p><span class=\"OYPEnA text-decoration-none text-strikethrough-none\">Karta Tradycyjnych Sport\u00f3w i Gier zostanie opracowana przez wszystkie <\/span><span class=\"OYPEnA text-decoration-none text-strikethrough-none\">uczestnicz\u0105cych organizacji. B\u0119dzie on zawiera\u0142 zestaw zasad i <\/span><span class=\"OYPEnA text-decoration-none text-strikethrough-none\">zasady wykorzystywania TSG jako narz\u0119dzia do promowania zar\u00f3wno spo\u0142eczno-kulturowych, jak i <\/span><span class=\"OYPEnA text-decoration-none text-strikethrough-none\">gospodarczy rozw\u00f3j regionalny i aktywno\u015b\u0107 fizyczna r\u00f3\u017cnych <\/span><span class=\"OYPEnA text-decoration-none text-strikethrough-none\">grupy docelowe. Karta zostanie podpisana przez wszystkich uczestnik\u00f3w w celu <\/span><span class=\"OYPEnA text-decoration-none text-strikethrough-none\">dzia\u0142ania szkoleniowe jako przedstawiciele sportu powszechnego i <\/span><span class=\"OYPEnA text-decoration-none text-strikethrough-none\">stowarzyszenia spo\u0142eczno-kulturalne. Wykres b\u0119dzie stanowi\u0142 podstaw\u0119 programu <\/span><span class=\"OYPEnA text-decoration-none text-strikethrough-none\">ustanowienie komitet\u00f3w TSG, kt\u00f3re b\u0119d\u0105 zaanga\u017cowane w <\/span><span class=\"OYPEnA text-decoration-none text-strikethrough-none\">organizacja wydarze\u0144 promocyjnych.<\/span><\/p><p style=\"text-align: center\"><strong style=\"text-align: center\"><a href=\"https:\/\/remind-erasmus.eu\/wp-content\/uploads\/2025\/12\/D4.1-TSG-Chart-with-annexes.pdf\">ENG<\/a><\/strong><\/p><\/div><div class=\"tmm_scblock\"><\/div><\/div><\/div><div style=\"clear:both;\"><\/div><\/div><\/div><\/div><\/span><\/p>\t\t\t\t\t\t\t\t<\/div>\n\t\t\t\t<\/div>\n\t\t\t\t\t<\/div>\n\t\t\t\t<\/div>\n\t\t<div class=\"has_eae_slider elementor-element elementor-element-86188bd e-flex e-con-boxed e-con e-parent\" data-eae-slider=\"38948\" data-id=\"86188bd\" data-element_type=\"container\" data-e-type=\"container\">\n\t\t\t\t\t<div class=\"e-con-inner\">\n\t\t\t\t\t<\/div>\n\t\t\t\t<\/div>\n\t\t\t\t<\/div>","protected":false},"excerpt":{"rendered":"<p>Przypomnij wyniki<\/p>","protected":false},"author":2,"featured_media":0,"parent":0,"menu_order":0,"comment_status":"closed","ping_status":"closed","template":"page-templates\/template-pagebuilder-full-width.php","meta":{"_themeisle_gutenberg_block_has_review":false,"footnotes":""},"class_list":["post-492","page","type-page","status-publish","hentry"],"_links":{"self":[{"href":"https:\/\/remind-erasmus.eu\/pl\/wp-json\/wp\/v2\/pages\/492","targetHints":{"allow":["GET"]}}],"collection":[{"href":"https:\/\/remind-erasmus.eu\/pl\/wp-json\/wp\/v2\/pages"}],"about":[{"href":"https:\/\/remind-erasmus.eu\/pl\/wp-json\/wp\/v2\/types\/page"}],"author":[{"embeddable":true,"href":"https:\/\/remind-erasmus.eu\/pl\/wp-json\/wp\/v2\/users\/2"}],"replies":[{"embeddable":true,"href":"https:\/\/remind-erasmus.eu\/pl\/wp-json\/wp\/v2\/comments?post=492"}],"version-history":[{"count":71,"href":"https:\/\/remind-erasmus.eu\/pl\/wp-json\/wp\/v2\/pages\/492\/revisions"}],"predecessor-version":[{"id":1102,"href":"https:\/\/remind-erasmus.eu\/pl\/wp-json\/wp\/v2\/pages\/492\/revisions\/1102"}],"wp:attachment":[{"href":"https:\/\/remind-erasmus.eu\/pl\/wp-json\/wp\/v2\/media?parent=492"}],"curies":[{"name":"wp","href":"https:\/\/api.w.org\/{rel}","templated":true}]}}