{"id":76,"date":"2024-03-27T13:42:09","date_gmt":"2024-03-27T13:42:09","guid":{"rendered":"https:\/\/remind-erasmus.eu\/?page_id=76"},"modified":"2024-07-16T13:58:48","modified_gmt":"2024-07-16T13:58:48","slug":"objectives","status":"publish","type":"page","link":"https:\/\/remind-erasmus.eu\/it\/objectives\/","title":{"rendered":"Obiettivi"},"content":{"rendered":"<div data-elementor-type=\"wp-page\" data-elementor-id=\"76\" class=\"elementor elementor-76\">\n\t\t\t\t<div class=\"has_eae_slider elementor-element elementor-element-7d8cea4 e-flex e-con-boxed e-con e-parent\" data-eae-slider=\"57422\" data-id=\"7d8cea4\" data-element_type=\"container\" data-e-type=\"container\">\n\t\t\t\t\t<div class=\"e-con-inner\">\n\t\t\t\t<div class=\"elementor-element elementor-element-fa55a5f elementor-invisible elementor-widget elementor-widget-heading\" data-id=\"fa55a5f\" data-element_type=\"widget\" data-e-type=\"widget\" data-settings=\"{&quot;_animation&quot;:&quot;fadeInDown&quot;}\" data-widget_type=\"heading.default\">\n\t\t\t\t<div class=\"elementor-widget-container\">\n\t\t\t\t\t<h2 class=\"elementor-heading-title elementor-size-default\">Obiettivi<\/h2>\t\t\t\t<\/div>\n\t\t\t\t<\/div>\n\t\t\t\t\t<\/div>\n\t\t\t\t<\/div>\n\t\t<div class=\"has_eae_slider elementor-element elementor-element-e434fe9 e-flex e-con-boxed e-con e-parent\" data-eae-slider=\"82116\" data-id=\"e434fe9\" data-element_type=\"container\" data-e-type=\"container\">\n\t\t\t\t\t<div class=\"e-con-inner\">\n\t\t<div class=\"has_eae_slider elementor-element elementor-element-d4cbf8b e-con-full e-flex e-con e-child\" data-eae-slider=\"9352\" data-id=\"d4cbf8b\" data-element_type=\"container\" data-e-type=\"container\">\n\t\t\t\t<div class=\"elementor-element elementor-element-9cd6dfb elementor-widget elementor-widget-image\" data-id=\"9cd6dfb\" data-element_type=\"widget\" data-e-type=\"widget\" data-widget_type=\"image.default\">\n\t\t\t\t<div class=\"elementor-widget-container\">\n\t\t\t\t\t\t\t\t\t\t\t\t\t\t\t<img fetchpriority=\"high\" decoding=\"async\" width=\"750\" height=\"502\" src=\"https:\/\/remind-erasmus.eu\/wp-content\/uploads\/2024\/04\/OBJECTIVES-2-1024x685.jpg\" class=\"attachment-large size-large wp-image-655\" alt=\"\" srcset=\"https:\/\/remind-erasmus.eu\/wp-content\/uploads\/2024\/04\/OBJECTIVES-2-1024x685.jpg 1024w, https:\/\/remind-erasmus.eu\/wp-content\/uploads\/2024\/04\/OBJECTIVES-2-300x201.jpg 300w, https:\/\/remind-erasmus.eu\/wp-content\/uploads\/2024\/04\/OBJECTIVES-2-768x514.jpg 768w, https:\/\/remind-erasmus.eu\/wp-content\/uploads\/2024\/04\/OBJECTIVES-2-1536x1028.jpg 1536w, https:\/\/remind-erasmus.eu\/wp-content\/uploads\/2024\/04\/OBJECTIVES-2-2048x1371.jpg 2048w, https:\/\/remind-erasmus.eu\/wp-content\/uploads\/2024\/04\/OBJECTIVES-2-360x240.jpg 360w\" sizes=\"(max-width: 750px) 100vw, 750px\" \/>\t\t\t\t\t\t\t\t\t\t\t\t\t\t\t<\/div>\n\t\t\t\t<\/div>\n\t\t\t\t<\/div>\n\t\t<div class=\"has_eae_slider elementor-element elementor-element-8c5147c e-con-full e-flex e-con e-child\" data-eae-slider=\"50034\" data-id=\"8c5147c\" data-element_type=\"container\" data-e-type=\"container\">\n\t\t\t\t<div class=\"elementor-element elementor-element-8aac144 elementor-widget elementor-widget-heading\" data-id=\"8aac144\" data-element_type=\"widget\" data-e-type=\"widget\" data-widget_type=\"heading.default\">\n\t\t\t\t<div class=\"elementor-widget-container\">\n\t\t\t\t\t<h6 class=\"elementor-heading-title elementor-size-default\">Il progetto REMIND \u00e8 incentrato sull'arricchimento e sull'utilizzo degli sport e dei giochi tradizionali (STG) per promuovere la crescita socio-economica regionale e l'impegno della comunit\u00e0.<\/h6>\t\t\t\t<\/div>\n\t\t\t\t<\/div>\n\t\t\t\t<\/div>\n\t\t\t\t\t<\/div>\n\t\t\t\t<\/div>\n\t\t<div class=\"has_eae_slider elementor-element elementor-element-4dcc19a e-flex e-con-boxed e-con e-parent\" data-eae-slider=\"28400\" data-id=\"4dcc19a\" data-element_type=\"container\" data-e-type=\"container\">\n\t\t\t\t\t<div class=\"e-con-inner\">\n\t\t<div class=\"has_eae_slider elementor-element elementor-element-1552ddc e-con-full e-flex e-con e-child\" data-eae-slider=\"19645\" data-id=\"1552ddc\" data-element_type=\"container\" data-e-type=\"container\">\n\t\t\t\t<div class=\"elementor-element elementor-element-261cbad elementor-widget elementor-widget-heading\" data-id=\"261cbad\" data-element_type=\"widget\" data-e-type=\"widget\" data-widget_type=\"heading.default\">\n\t\t\t\t<div class=\"elementor-widget-container\">\n\t\t\t\t\t<h6 class=\"elementor-heading-title elementor-size-default\"><div><div><div><div><div><div><div><div><div><p>Si tratta di uno studio comparativo approfondito per comprendere le esigenze specifiche e le competenze esigenze e le competenze specifiche richieste dalle organizzazioni di base. La visione del progetto progetto prevede di fornire a questi gruppi comunitari risorse formative innovative e risorse formative innovative e olistiche, migliorando cos\u00ec l'efficacia del TSG come strumento di sviluppo sociale e di promozione dell'attivit\u00e0 fisica. come strumento di sviluppo sociale e di promozione dell'attivit\u00e0 fisica.<\/p><p><span>Inoltre, REMIND si dedica alla creazione di una rete solida tra le organizzazioni di base organizzazioni sportive e socio-culturali di base in tutta Europa, con l'obiettivo di facilitare la condivisione delle conoscenze e la crescita collaborativa. \u00e8 giusta come traduzione<\/span><\/p><\/div><\/div><\/div><\/div><\/div><\/div><\/div><\/div><\/div><\/h6>\t\t\t\t<\/div>\n\t\t\t\t<\/div>\n\t\t\t\t<\/div>\n\t\t<div class=\"has_eae_slider elementor-element elementor-element-91f6423 e-con-full e-flex e-con e-child\" data-eae-slider=\"39070\" data-id=\"91f6423\" data-element_type=\"container\" data-e-type=\"container\">\n\t\t\t\t<div class=\"elementor-element elementor-element-8514f84 elementor-widget elementor-widget-image\" data-id=\"8514f84\" data-element_type=\"widget\" data-e-type=\"widget\" data-widget_type=\"image.default\">\n\t\t\t\t<div class=\"elementor-widget-container\">\n\t\t\t\t\t\t\t\t\t\t\t\t\t\t\t<img decoding=\"async\" width=\"750\" height=\"500\" src=\"https:\/\/remind-erasmus.eu\/wp-content\/uploads\/2024\/04\/OBJECTIVES.jpg\" class=\"attachment-large size-large wp-image-657\" alt=\"\" srcset=\"https:\/\/remind-erasmus.eu\/wp-content\/uploads\/2024\/04\/OBJECTIVES.jpg 760w, https:\/\/remind-erasmus.eu\/wp-content\/uploads\/2024\/04\/OBJECTIVES-300x200.jpg 300w, https:\/\/remind-erasmus.eu\/wp-content\/uploads\/2024\/04\/OBJECTIVES-360x240.jpg 360w\" sizes=\"(max-width: 750px) 100vw, 750px\" \/>\t\t\t\t\t\t\t\t\t\t\t\t\t\t\t<\/div>\n\t\t\t\t<\/div>\n\t\t\t\t<\/div>\n\t\t\t\t\t<\/div>\n\t\t\t\t<\/div>\n\t\t<div class=\"has_eae_slider elementor-element elementor-element-c5199d2 e-flex e-con-boxed e-con e-parent\" data-eae-slider=\"90726\" data-id=\"c5199d2\" data-element_type=\"container\" data-e-type=\"container\">\n\t\t\t\t\t<div class=\"e-con-inner\">\n\t\t\t\t<div class=\"elementor-element elementor-element-4945a1f elementor-widget elementor-widget-heading\" data-id=\"4945a1f\" data-element_type=\"widget\" data-e-type=\"widget\" data-widget_type=\"heading.default\">\n\t\t\t\t<div class=\"elementor-widget-container\">\n\t\t\t\t\t<h5 class=\"elementor-heading-title elementor-size-default\">Remind mira a raggiungere i seguenti obiettivi specifici:<\/h5>\t\t\t\t<\/div>\n\t\t\t\t<\/div>\n\t\t\t\t\t<\/div>\n\t\t\t\t<\/div>\n\t\t<div class=\"has_eae_slider elementor-element elementor-element-836f040 e-flex e-con-boxed e-con e-parent\" data-eae-slider=\"43987\" data-id=\"836f040\" data-element_type=\"container\" data-e-type=\"container\">\n\t\t\t\t\t<div class=\"e-con-inner\">\n\t\t\t\t<div class=\"elementor-element elementor-element-da98e69 elementor-widget elementor-widget-text-editor\" data-id=\"da98e69\" data-element_type=\"widget\" data-e-type=\"widget\" data-widget_type=\"text-editor.default\">\n\t\t\t\t<div class=\"elementor-widget-container\">\n\t\t\t\t\t\t\t\t\t<p><span><div class=\"tmm tmm_objectives\"><div class=\"tmm_3_columns tmm_wrap tmm_plugin_f\"><span class=\"tmm_two_containers_tablet\"><\/span><div class=\"tmm_container\"><div class=\"tmm_member\" style=\"border-top:#333333 solid 5px;\"><div class=\"tmm_textblock\"><div class=\"tmm_names\"><span class=\"tmm_fname\">Obiettivo 1<\/span> <\/div><div class=\"tmm_desc\" style=\"text-align:\"><p style=\"text-align: left\"><span>Realizzare una ricerca comparativa sulle esigenze dello sport di base e delle organizzazioni socio-culturali, analizzando le competenze necessarie per utilizzare le STG come strumento di promozione dello sviluppo socio-economico regionale. La ricerca riguarder\u00e0 anche le STG non ancora tracciate a livello UE che potrebbero essere sfruttate come volano per favorire lo sviluppo socio-economico delle regioni.<\/span>.<\/p><\/div><div class=\"tmm_scblock\"><\/div><\/div><\/div><div class=\"tmm_member\" style=\"border-top:#333333 solid 5px;\"><div class=\"tmm_textblock\"><div class=\"tmm_names\"><span class=\"tmm_fname\">Obiettivo 2<\/span> <\/div><div class=\"tmm_desc\" style=\"text-align:\"><p><span>Fornire ai membri del personale delle associazioni sportive e socio-culturali di base strumenti e materiali formativi innovativi, basati su un approccio olistico applicato alle STG, per promuovere lo sviluppo socio-economico regionale e favorire la pratica dell\u2019attivit\u00e0 fisica tra i diversi gruppi target.<\/span><\/p><\/div><div class=\"tmm_scblock\"><\/div><\/div><\/div><span class=\"tmm_two_containers_tablet\"><\/span><div class=\"tmm_member\" style=\"border-top:#333333 solid 5px;\"><div class=\"tmm_textblock\"><div class=\"tmm_names\"><span class=\"tmm_fname\">Obiettivo 3<\/span> <\/div><div class=\"tmm_desc\" style=\"text-align:\"><div class=\"tmm_desc\"><p><span class=\"OYPEnA text-decoration-none text-strikethrough-none\">Creare una rete di organizzazioni sportive e socio-culturali di base a livello europeo.<\/span>.<\/p><\/div><\/div><div class=\"tmm_scblock\"><\/div><\/div><\/div><div style=\"clear:both;\"><\/div><\/div><\/div><\/div><\/span><\/p>\t\t\t\t\t\t\t\t<\/div>\n\t\t\t\t<\/div>\n\t\t\t\t\t<\/div>\n\t\t\t\t<\/div>\n\t\t\t\t<\/div>","protected":false},"excerpt":{"rendered":"<p>Objectives The REMIND project is centred around the enrichment and utilization of Traditional Sports and Games (TSG) for fostering regional socio-economic growth and community engagement. It involves an in-depth comparative study to understand the specific needs and skill sets required by grassroots organizations. The project\u2019s vision includes providing these community [&hellip;]<\/p>\n","protected":false},"author":2,"featured_media":0,"parent":0,"menu_order":0,"comment_status":"closed","ping_status":"closed","template":"","meta":{"_themeisle_gutenberg_block_has_review":false,"footnotes":""},"class_list":["post-76","page","type-page","status-publish","hentry"],"_links":{"self":[{"href":"https:\/\/remind-erasmus.eu\/it\/wp-json\/wp\/v2\/pages\/76","targetHints":{"allow":["GET"]}}],"collection":[{"href":"https:\/\/remind-erasmus.eu\/it\/wp-json\/wp\/v2\/pages"}],"about":[{"href":"https:\/\/remind-erasmus.eu\/it\/wp-json\/wp\/v2\/types\/page"}],"author":[{"embeddable":true,"href":"https:\/\/remind-erasmus.eu\/it\/wp-json\/wp\/v2\/users\/2"}],"replies":[{"embeddable":true,"href":"https:\/\/remind-erasmus.eu\/it\/wp-json\/wp\/v2\/comments?post=76"}],"version-history":[{"count":57,"href":"https:\/\/remind-erasmus.eu\/it\/wp-json\/wp\/v2\/pages\/76\/revisions"}],"predecessor-version":[{"id":866,"href":"https:\/\/remind-erasmus.eu\/it\/wp-json\/wp\/v2\/pages\/76\/revisions\/866"}],"wp:attachment":[{"href":"https:\/\/remind-erasmus.eu\/it\/wp-json\/wp\/v2\/media?parent=76"}],"curies":[{"name":"wp","href":"https:\/\/api.w.org\/{rel}","templated":true}]}}