{"id":76,"date":"2024-03-27T13:42:09","date_gmt":"2024-03-27T13:42:09","guid":{"rendered":"https:\/\/remind-erasmus.eu\/?page_id=76"},"modified":"2024-07-16T13:58:48","modified_gmt":"2024-07-16T13:58:48","slug":"objectives","status":"publish","type":"page","link":"https:\/\/remind-erasmus.eu\/fr\/objectives\/","title":{"rendered":"Objectifs"},"content":{"rendered":"<div data-elementor-type=\"wp-page\" data-elementor-id=\"76\" class=\"elementor elementor-76\">\n\t\t\t\t<div class=\"has_eae_slider elementor-element elementor-element-7d8cea4 e-flex e-con-boxed e-con e-parent\" data-eae-slider=\"8756\" data-id=\"7d8cea4\" data-element_type=\"container\" data-e-type=\"container\">\n\t\t\t\t\t<div class=\"e-con-inner\">\n\t\t\t\t<div class=\"elementor-element elementor-element-fa55a5f elementor-invisible elementor-widget elementor-widget-heading\" data-id=\"fa55a5f\" data-element_type=\"widget\" data-e-type=\"widget\" data-settings=\"{&quot;_animation&quot;:&quot;fadeInDown&quot;}\" data-widget_type=\"heading.default\">\n\t\t\t\t<div class=\"elementor-widget-container\">\n\t\t\t\t\t<h2 class=\"elementor-heading-title elementor-size-default\">Objectifs<\/h2>\t\t\t\t<\/div>\n\t\t\t\t<\/div>\n\t\t\t\t\t<\/div>\n\t\t\t\t<\/div>\n\t\t<div class=\"has_eae_slider elementor-element elementor-element-e434fe9 e-flex e-con-boxed e-con e-parent\" data-eae-slider=\"96370\" data-id=\"e434fe9\" data-element_type=\"container\" data-e-type=\"container\">\n\t\t\t\t\t<div class=\"e-con-inner\">\n\t\t<div class=\"has_eae_slider elementor-element elementor-element-d4cbf8b e-con-full e-flex e-con e-child\" data-eae-slider=\"163\" data-id=\"d4cbf8b\" data-element_type=\"container\" data-e-type=\"container\">\n\t\t\t\t<div class=\"elementor-element elementor-element-9cd6dfb elementor-widget elementor-widget-image\" data-id=\"9cd6dfb\" data-element_type=\"widget\" data-e-type=\"widget\" data-widget_type=\"image.default\">\n\t\t\t\t<div class=\"elementor-widget-container\">\n\t\t\t\t\t\t\t\t\t\t\t\t\t\t\t<img fetchpriority=\"high\" decoding=\"async\" width=\"750\" height=\"502\" src=\"https:\/\/remind-erasmus.eu\/wp-content\/uploads\/2024\/04\/OBJECTIVES-2-1024x685.jpg\" class=\"attachment-large size-large wp-image-655\" alt=\"\" srcset=\"https:\/\/remind-erasmus.eu\/wp-content\/uploads\/2024\/04\/OBJECTIVES-2-1024x685.jpg 1024w, https:\/\/remind-erasmus.eu\/wp-content\/uploads\/2024\/04\/OBJECTIVES-2-300x201.jpg 300w, https:\/\/remind-erasmus.eu\/wp-content\/uploads\/2024\/04\/OBJECTIVES-2-768x514.jpg 768w, https:\/\/remind-erasmus.eu\/wp-content\/uploads\/2024\/04\/OBJECTIVES-2-1536x1028.jpg 1536w, https:\/\/remind-erasmus.eu\/wp-content\/uploads\/2024\/04\/OBJECTIVES-2-2048x1371.jpg 2048w, https:\/\/remind-erasmus.eu\/wp-content\/uploads\/2024\/04\/OBJECTIVES-2-360x240.jpg 360w\" sizes=\"(max-width: 750px) 100vw, 750px\" \/>\t\t\t\t\t\t\t\t\t\t\t\t\t\t\t<\/div>\n\t\t\t\t<\/div>\n\t\t\t\t<\/div>\n\t\t<div class=\"has_eae_slider elementor-element elementor-element-8c5147c e-con-full e-flex e-con e-child\" data-eae-slider=\"63494\" data-id=\"8c5147c\" data-element_type=\"container\" data-e-type=\"container\">\n\t\t\t\t<div class=\"elementor-element elementor-element-8aac144 elementor-widget elementor-widget-heading\" data-id=\"8aac144\" data-element_type=\"widget\" data-e-type=\"widget\" data-widget_type=\"heading.default\">\n\t\t\t\t<div class=\"elementor-widget-container\">\n\t\t\t\t\t<h6 class=\"elementor-heading-title elementor-size-default\">Le projet REMIND est centr\u00e9 sur l'enrichissement et l'utilisation des jeux et sports traditionnels (TSG) pour favoriser la croissance socio-\u00e9conomique r\u00e9gionale et l'engagement communautaire.<\/h6>\t\t\t\t<\/div>\n\t\t\t\t<\/div>\n\t\t\t\t<\/div>\n\t\t\t\t\t<\/div>\n\t\t\t\t<\/div>\n\t\t<div class=\"has_eae_slider elementor-element elementor-element-4dcc19a e-flex e-con-boxed e-con e-parent\" data-eae-slider=\"17565\" data-id=\"4dcc19a\" data-element_type=\"container\" data-e-type=\"container\">\n\t\t\t\t\t<div class=\"e-con-inner\">\n\t\t<div class=\"has_eae_slider elementor-element elementor-element-1552ddc e-con-full e-flex e-con e-child\" data-eae-slider=\"36047\" data-id=\"1552ddc\" data-element_type=\"container\" data-e-type=\"container\">\n\t\t\t\t<div class=\"elementor-element elementor-element-261cbad elementor-widget elementor-widget-heading\" data-id=\"261cbad\" data-element_type=\"widget\" data-e-type=\"widget\" data-widget_type=\"heading.default\">\n\t\t\t\t<div class=\"elementor-widget-container\">\n\t\t\t\t\t<h6 class=\"elementor-heading-title elementor-size-default\"><div><div><div><div><div><div><div><div><div><p>Il s'agit d'une \u00e9tude comparative approfondie visant \u00e0 comprendre les besoins sp\u00e9cifiques et les comp\u00e9tences requises par les organisations de base.\nbesoins sp\u00e9cifiques et les comp\u00e9tences requises par les organisations de base. La vision du projet\n du projet consiste \u00e0 fournir \u00e0 ces groupes communautaires des ressources de formation novatrices et holistiques, afin d'am\u00e9liorer l'efficacit\u00e9 de l'action des STG,\ninnovantes et holistiques, renfor\u00e7ant ainsi l'efficacit\u00e9 de la TSG en tant qu'outil de d\u00e9veloppement social et de promotion de l'activit\u00e9 physique.\nen tant qu'outil de d\u00e9veloppement social et de promotion de l'activit\u00e9 physique.<\/p><p><span>En outre,\n REMIND se consacre \u00e0 la cr\u00e9ation d'un r\u00e9seau solide entre les organisations sportives et socioculturelles de base \u00e0 travers l'Europe.\norganisations sportives et socioculturelles de base \u00e0 travers l'Europe, dans le but de\nfaciliter le partage des connaissances et la croissance de la collaboration.<\/span><\/p><\/div><\/div><\/div><\/div><\/div><\/div><\/div><\/div><\/div><\/h6>\t\t\t\t<\/div>\n\t\t\t\t<\/div>\n\t\t\t\t<\/div>\n\t\t<div class=\"has_eae_slider elementor-element elementor-element-91f6423 e-con-full e-flex e-con e-child\" data-eae-slider=\"20905\" data-id=\"91f6423\" data-element_type=\"container\" data-e-type=\"container\">\n\t\t\t\t<div class=\"elementor-element elementor-element-8514f84 elementor-widget elementor-widget-image\" data-id=\"8514f84\" data-element_type=\"widget\" data-e-type=\"widget\" data-widget_type=\"image.default\">\n\t\t\t\t<div class=\"elementor-widget-container\">\n\t\t\t\t\t\t\t\t\t\t\t\t\t\t\t<img decoding=\"async\" width=\"750\" height=\"500\" src=\"https:\/\/remind-erasmus.eu\/wp-content\/uploads\/2024\/04\/OBJECTIVES.jpg\" class=\"attachment-large size-large wp-image-657\" alt=\"\" srcset=\"https:\/\/remind-erasmus.eu\/wp-content\/uploads\/2024\/04\/OBJECTIVES.jpg 760w, https:\/\/remind-erasmus.eu\/wp-content\/uploads\/2024\/04\/OBJECTIVES-300x200.jpg 300w, https:\/\/remind-erasmus.eu\/wp-content\/uploads\/2024\/04\/OBJECTIVES-360x240.jpg 360w\" sizes=\"(max-width: 750px) 100vw, 750px\" \/>\t\t\t\t\t\t\t\t\t\t\t\t\t\t\t<\/div>\n\t\t\t\t<\/div>\n\t\t\t\t<\/div>\n\t\t\t\t\t<\/div>\n\t\t\t\t<\/div>\n\t\t<div class=\"has_eae_slider elementor-element elementor-element-c5199d2 e-flex e-con-boxed e-con e-parent\" data-eae-slider=\"48863\" data-id=\"c5199d2\" data-element_type=\"container\" data-e-type=\"container\">\n\t\t\t\t\t<div class=\"e-con-inner\">\n\t\t\t\t<div class=\"elementor-element elementor-element-4945a1f elementor-widget elementor-widget-heading\" data-id=\"4945a1f\" data-element_type=\"widget\" data-e-type=\"widget\" data-widget_type=\"heading.default\">\n\t\t\t\t<div class=\"elementor-widget-container\">\n\t\t\t\t\t<h5 class=\"elementor-heading-title elementor-size-default\">Remind vise \u00e0 atteindre les objectifs sp\u00e9cifiques suivants :<\/h5>\t\t\t\t<\/div>\n\t\t\t\t<\/div>\n\t\t\t\t\t<\/div>\n\t\t\t\t<\/div>\n\t\t<div class=\"has_eae_slider elementor-element elementor-element-836f040 e-flex e-con-boxed e-con e-parent\" data-eae-slider=\"53642\" data-id=\"836f040\" data-element_type=\"container\" data-e-type=\"container\">\n\t\t\t\t\t<div class=\"e-con-inner\">\n\t\t\t\t<div class=\"elementor-element elementor-element-da98e69 elementor-widget elementor-widget-text-editor\" data-id=\"da98e69\" data-element_type=\"widget\" data-e-type=\"widget\" data-widget_type=\"text-editor.default\">\n\t\t\t\t<div class=\"elementor-widget-container\">\n\t\t\t\t\t\t\t\t\t<p><span><div class=\"tmm tmm_objectives\"><div class=\"tmm_3_columns tmm_wrap tmm_plugin_f\"><span class=\"tmm_two_containers_tablet\"><\/span><div class=\"tmm_container\"><div class=\"tmm_member\" style=\"border-top:#333333 solid 5px;\"><div class=\"tmm_textblock\"><div class=\"tmm_names\"><span class=\"tmm_fname\">Objectif 1<\/span> <\/div><div class=\"tmm_desc\" style=\"text-align:\"><p style=\"text-align: left\"><span>Effectuer une recherche comparative sur les besoins des organisations sportives et socioculturelles de base en ce qui concerne les comp\u00e9tences n\u00e9cessaires pour exploiter les STG en tant qu'outil de promotion du d\u00e9veloppement socio-\u00e9conomique r\u00e9gional et sur les STG non suivies au niveau de l'UE qui pourraient \u00eatre utilis\u00e9es comme un moteur pour promouvoir le d\u00e9veloppement socio-\u00e9conomique r\u00e9gional.<\/span>.<\/p><\/div><div class=\"tmm_scblock\"><\/div><\/div><\/div><div class=\"tmm_member\" style=\"border-top:#333333 solid 5px;\"><div class=\"tmm_textblock\"><div class=\"tmm_names\"><span class=\"tmm_fname\">Objectif 2<\/span> <\/div><div class=\"tmm_desc\" style=\"text-align:\"><p><span>Fournir aux membres du personnel des associations sportives et socioculturelles de base des outils et du mat\u00e9riel de formation innovant contenant une approche holistique appliqu\u00e9e \u00e0 la TSG afin de promouvoir le d\u00e9veloppement socio-\u00e9conomique r\u00e9gional et d'encourager la pratique de l'activit\u00e9 physique parmi les diff\u00e9rents groupes cibles.<\/span><\/p><\/div><div class=\"tmm_scblock\"><\/div><\/div><\/div><span class=\"tmm_two_containers_tablet\"><\/span><div class=\"tmm_member\" style=\"border-top:#333333 solid 5px;\"><div class=\"tmm_textblock\"><div class=\"tmm_names\"><span class=\"tmm_fname\">Objectif 3<\/span> <\/div><div class=\"tmm_desc\" style=\"text-align:\"><div class=\"tmm_desc\"><p><span class=\"OYPEnA text-decoration-none text-strikethrough-none\">Cr\u00e9er un r\u00e9seau d'organisations sportives et socioculturelles de base au niveau europ\u00e9en<\/span>.<\/p><\/div><\/div><div class=\"tmm_scblock\"><\/div><\/div><\/div><div style=\"clear:both;\"><\/div><\/div><\/div><\/div><\/span><\/p>\t\t\t\t\t\t\t\t<\/div>\n\t\t\t\t<\/div>\n\t\t\t\t\t<\/div>\n\t\t\t\t<\/div>\n\t\t\t\t<\/div>","protected":false},"excerpt":{"rendered":"<p>Objectives The REMIND project is centred around the enrichment and utilization of Traditional Sports and Games (TSG) for fostering regional socio-economic growth and community engagement. It involves an in-depth comparative study to understand the specific needs and skill sets required by grassroots organizations. The project\u2019s vision includes providing these community [&hellip;]<\/p>\n","protected":false},"author":2,"featured_media":0,"parent":0,"menu_order":0,"comment_status":"closed","ping_status":"closed","template":"","meta":{"_themeisle_gutenberg_block_has_review":false,"footnotes":""},"class_list":["post-76","page","type-page","status-publish","hentry"],"_links":{"self":[{"href":"https:\/\/remind-erasmus.eu\/fr\/wp-json\/wp\/v2\/pages\/76","targetHints":{"allow":["GET"]}}],"collection":[{"href":"https:\/\/remind-erasmus.eu\/fr\/wp-json\/wp\/v2\/pages"}],"about":[{"href":"https:\/\/remind-erasmus.eu\/fr\/wp-json\/wp\/v2\/types\/page"}],"author":[{"embeddable":true,"href":"https:\/\/remind-erasmus.eu\/fr\/wp-json\/wp\/v2\/users\/2"}],"replies":[{"embeddable":true,"href":"https:\/\/remind-erasmus.eu\/fr\/wp-json\/wp\/v2\/comments?post=76"}],"version-history":[{"count":57,"href":"https:\/\/remind-erasmus.eu\/fr\/wp-json\/wp\/v2\/pages\/76\/revisions"}],"predecessor-version":[{"id":866,"href":"https:\/\/remind-erasmus.eu\/fr\/wp-json\/wp\/v2\/pages\/76\/revisions\/866"}],"wp:attachment":[{"href":"https:\/\/remind-erasmus.eu\/fr\/wp-json\/wp\/v2\/media?parent=76"}],"curies":[{"name":"wp","href":"https:\/\/api.w.org\/{rel}","templated":true}]}}